{"id":423,"date":"2016-10-04T14:21:28","date_gmt":"2016-10-04T13:21:28","guid":{"rendered":"http:\/\/artabel.com\/fr\/?page_id=423"},"modified":"2025-02-26T18:27:42","modified_gmt":"2025-02-26T17:27:42","slug":"projets-realises","status":"publish","type":"page","link":"https:\/\/artabel.com\/fr\/projets-realises\/","title":{"rendered":"Projets r\u00e9alis\u00e9s"},"content":{"rendered":"\n<ul class=\"wp-block-list\">\n<li>2024 \u2013 Nouvelle construction: piscine communale de Zaventem &#8211; DBFMO S&amp;R Zaventem<\/li>\n\n\n\n<li>2022 \u2013 Nouvelle construction: piscine communale de Bredene \u2013 DBFMO S&amp;R Bredene<\/li>\n\n\n\n<li>2021 \u2013 Nouvelle construction: piscine communale de Spa<\/li>\n\n\n\n<li>2019 \u2013 Nouvelle construction: site sportif communale de Saint-Trond \u2013 DBFMO* S&amp;R Saint-Trond<\/li>\n\n\n\n<li>2019 \u2013 Nouvelle construction: centre sportif de Herent<\/li>\n\n\n\n<li>9 \u2013 Nouvelle construction: piscine intercommunale d\u2019Anzegem-Deerlijk<\/li>\n\n\n\n<li>2018 \u2013 Nouvelle construction: piscine communale de Courtrai \u2013 DBFMO* S&amp;R Kortrijk<\/li>\n\n\n\n<li>2018 \u2013 Nouvelle construction: piscine communale de Zwevegem \u2013 DBFMO* S&amp;R Zwevegem<\/li>\n\n\n\n<li>2018 \u2013 Nouvelle construction: piscine communale de Braine-l\u2019Alleud<\/li>\n\n\n\n<li>2018 \u2013 Nouvelle construction : hall de sport d\u2019\u00e9lite KULeuven<\/li>\n\n\n\n<li>2017 \u2013 Extension loirirs piscine S&amp;R Lier<\/li>\n\n\n\n<li>2017 \u2013 Extension loisirs piscine S&amp;R Mons<\/li>\n\n\n\n<li>2017 \u2013 Nouvelle construction: piscine communale d\u2019Eupen<\/li>\n\n\n\n<li>2016 \u2013 Extension avec bassin ext\u00e9rieur piscine S&amp;R Beveren<\/li>\n\n\n\n<li>2016 \u2013 R\u00e9novation piscine communale Kessel-Lo<\/li>\n\n\n\n<li>2016 \u2013 Nouvelle construction: installations techniques Britisch School Tervuren<\/li>\n\n\n\n<li>2016 \u2013 Nouvelle construction: piscine communale de Kapermolen Hasselt<\/li>\n\n\n\n<li>2015 \u2013 R\u00e9novation piscine communale Moorslede<\/li>\n\n\n\n<li>2015 \u2013 Nouvelle construction: piscine provinciale Olympia \u2013 DBFMO* S&amp;R Bruges<\/li>\n\n\n\n<li>2014 \u2013 Nouvelle construction: piscine communale de Westerlo \u2013 DBM* S&amp;R Westerlo<\/li>\n\n\n\n<li>2013 \u2013 Nouvelle construction: piscine communale de Beveren \u2013 DBFMO* S&amp;R Beveren<\/li>\n\n\n\n<li>2012 \u2013 Nouvelle construction: complexe sportif municipal de Rozebroeken \u2013 DBFMO* S&amp;R Gand<\/li>\n\n\n\n<li>2012 \u2013 Extension: piscine intercommunale d\u2019Overpelt-Neerpelt \u2013 DBFMO* S&amp;R Pelt<\/li>\n\n\n\n<li>2011 \u2013 R\u00e9novation: piscine communale de Saint-Ghislain<\/li>\n\n\n\n<li>2011 \u2013 Nouvelle construction: piscine communale de Mons \u2013 DBMO* S&amp;R Mons<\/li>\n\n\n\n<li>2011 \u2013 Nouvelle construction: centre administratif d\u2019Herent \u2013 mission DBFM*<\/li>\n\n\n\n<li>2009 \u2013 Extension: toboggan Anaconda Oc\u00e9ade \u00e0 Bruxelles<\/li>\n\n\n\n<li>2009 \u2013 Nouvelle construction: piscine olympique communale de La Louvi\u00e8re<\/li>\n\n\n\n<li>2008 \u2013 R\u00e9novation: piscine communale de Meise<\/li>\n\n\n\n<li>2007 \u2013 Nouvelle construction: piscine communale de Geel (terrains sportifs inclus)<\/li>\n\n\n\n<li>2006 \u2013 Extension: vestiaires collectifs piscine communale de Londerzeel<\/li>\n\n\n\n<li>2006 \u2013 R\u00e9novation: local personnel et vestiaires du centre sportif \u201cDe Warande\u201d \u00e0 Diest<\/li>\n\n\n\n<li>2006 \u2013 R\u00e9novation: fa\u00e7ade piscine communale de Woluwe-Saint-Lambert<\/li>\n\n\n\n<li>2006 \u2013 Nouvelle construction: piscine communale de Lierre \u2013 DBFMO* S&amp;R Lierre<\/li>\n\n\n\n<li>2006 \u2013 R\u00e9novation: piscine communale de Chapelle<\/li>\n\n\n\n<li>2005 \u2013 Nouvelle construction: piscine communale de Turnhout<\/li>\n\n\n\n<li>2004 \u2013 Nouvelle construction: piscine communale de Ninove<\/li>\n\n\n\n<li>2003 \u2013 Nouvelle construction: piscine intercommunale d\u2019Overpelt-Neerpelt \u2013 DBFMO* S&amp;R Pelt<\/li>\n\n\n\n<li>2002 \u2013 R\u00e9novation: piscine communale et hall sportif de Kontich<\/li>\n\n\n\n<li>2002 \u2013 R\u00e9novation: piscine scolaire du Coll\u00e8ge Jozefieten \u00e0 Melle<\/li>\n\n\n\n<li>2002 \u2013 Extension (piscine enfant &amp; sauna): piscine communale de Woluwe-Saint-Lambert<\/li>\n\n\n\n<li>2001 \u2013 Nouvelle construction: piscine communale d\u2019Overijse<\/li>\n\n\n\n<li>2001 \u2013 Extension (fitness &amp; salle de danse): complexe sportif de Woluwe-Saint-Lambert<\/li>\n\n\n\n<li>2001 \u2013 R\u00e9novation: piscine communale de Duffel<\/li>\n\n\n\n<li>2000 \u2013 Nouvelle construction: piscine communale (incluant la transformation de la piscine existante en centre sportif) de Merelbeke&#13;\n<\/li>\n\n\n\n<li>1998 \u2013 Transformation: piscine communale de Scherpenheuvel<\/li>\n\n\n\n<li>1997 \u2013 R\u00e9novation: piscine communale de Balen<\/li>\n\n\n\n<li>1996 \u2013 Extension: piscine communale d\u2019Enghien<\/li>\n\n\n\n<li>1995 \u2013 R\u00e9novation et extension: piscine communale de Londerzeel<\/li>\n<\/ul>\n\n<p>D = Design, B = Build, F = Finance, M = Maintain, O = Operate<\/p>\n\n<p><a class=\"btn btn-blue\" href=\"\/fr\/projecten\/\">Pour des photos de nos projets, cliquez ici<\/a>.<\/p>\n","protected":false},"excerpt":{"rendered":"<p>D = Design, B = Build, F = Finance, M = Maintain, O = Operate Pour des photos de nos projets, cliquez ici.<\/p>\n","protected":false},"author":1,"featured_media":0,"parent":0,"menu_order":0,"comment_status":"open","ping_status":"open","template":"page-map.php","meta":{"footnotes":""},"class_list":["post-423","page","type-page","status-publish","hentry"],"_links":{"self":[{"href":"https:\/\/artabel.com\/fr\/wp-json\/wp\/v2\/pages\/423","targetHints":{"allow":["GET"]}}],"collection":[{"href":"https:\/\/artabel.com\/fr\/wp-json\/wp\/v2\/pages"}],"about":[{"href":"https:\/\/artabel.com\/fr\/wp-json\/wp\/v2\/types\/page"}],"author":[{"embeddable":true,"href":"https:\/\/artabel.com\/fr\/wp-json\/wp\/v2\/users\/1"}],"replies":[{"embeddable":true,"href":"https:\/\/artabel.com\/fr\/wp-json\/wp\/v2\/comments?post=423"}],"version-history":[{"count":11,"href":"https:\/\/artabel.com\/fr\/wp-json\/wp\/v2\/pages\/423\/revisions"}],"predecessor-version":[{"id":1106,"href":"https:\/\/artabel.com\/fr\/wp-json\/wp\/v2\/pages\/423\/revisions\/1106"}],"wp:attachment":[{"href":"https:\/\/artabel.com\/fr\/wp-json\/wp\/v2\/media?parent=423"}],"curies":[{"name":"wp","href":"https:\/\/api.w.org\/{rel}","templated":true}]}}