{"id":414,"date":"2016-10-04T13:00:14","date_gmt":"2016-10-04T12:00:14","guid":{"rendered":"http:\/\/artabel.com\/fr\/?page_id=414"},"modified":"2016-10-04T13:03:47","modified_gmt":"2016-10-04T12:03:47","slug":"audits-et-etudes-faisabilite","status":"publish","type":"page","link":"https:\/\/artabel.com\/fr\/audits-et-etudes-faisabilite\/","title":{"rendered":"Audits et \u00e9tudes de faisabilit\u00e9"},"content":{"rendered":"<p><img loading=\"lazy\" decoding=\"async\" class=\"alignright size-medium wp-image-79\" src=\"http:\/\/artabel.com\/wp-content\/uploads\/2014\/08\/Beveren-8-225x300.jpg\" alt=\"S&amp;R Beveren\" width=\"225\" height=\"300\" srcset=\"https:\/\/artabel.com\/wp-content\/uploads\/2014\/08\/Beveren-8-225x300.jpg 225w, https:\/\/artabel.com\/wp-content\/uploads\/2014\/08\/Beveren-8-768x1024.jpg 768w, https:\/\/artabel.com\/wp-content\/uploads\/2014\/08\/Beveren-8-900x1200.jpg 900w\" sizes=\"auto, (max-width: 225px) 100vw, 225px\" \/>Le sport occupe une place de plus en plus primordiale dans notre soci\u00e9t\u00e9. L&rsquo;infrastructure sportive de la plupart des communes est souvent co\u00fbteuse et d\u00e9pass\u00e9e. Une r\u00e9novation ou une nouvelle construction s\u2019impose. \u00ab\u00a0Une ville ou une municipalit\u00e9 ne construit pas chaque ann\u00e9e, ni chaque l\u00e9gislature, pas m\u00eame tous les 10 ou 20 ans, une piscine pour ses \u00e9coles, clubs et r\u00e9sidents. \u00bb Ce dicton populaire est tout \u00e0 fait appropri\u00e9.<\/p>\n<p>Lorsqu\u2019une administration communale est confront\u00e9e \u00e0 la r\u00e9novation ou \u00e0 la construction d\u2019une nouvelle piscine, elle n\u2019a g\u00e9n\u00e9ralement pas l&rsquo;expertise n\u00e9cessaire et suffisante pour encadrer ce projet. Pensez par exemple \u00e0 la complexit\u00e9 des caract\u00e9ristiques physiques du b\u00e2timent (r\u00e9sistance \u00e0 l&rsquo;eau, vapeur d&rsquo;eau, chlore, acoustique), aux mat\u00e9riaux de construction et techniques de piscine en constante \u00e9volution ou aux proc\u00e9dures d&rsquo;exploitation sp\u00e9cifiques (contr\u00f4le des co\u00fbts, gestion de l&rsquo;\u00e9nergie, formation du personnel, les conditions sectorielles, \u2026).<\/p>\n<p>Gr\u00e2ce aux longues ann\u00e9es d\u2019exp\u00e9rience aussi bien des architectes et ing\u00e9nieurs d\u2019Artabel que de la soci\u00e9t\u00e9 d\u2019exploitation Innopa, nous pouvons mettre en avant notre connaissance \u00e9tendue et actuelle ainsi que notre exp\u00e9rience pour conseiller objectivement l\u2019administration dans ses choix difficiles.<\/p>\n<p>Une \u00e9tude pr\u00e9liminaire de faisabilit\u00e9 \u00e9pargne souvent des surprises par la suite pour l\u2019administration, \u00e0 la fois financi\u00e8rement et en termes de calendrier. Une \u00e9tude neutre permet par ailleurs de soutenir ses choix politiques d&rsquo;une mani\u00e8re professionnelle.<\/p>\n<h3>Le contenu d&rsquo;une telle \u00e9tude peut inclure de nombreux sujets:<\/h3>\n<ul>\n<li>analyse structurelle de l&rsquo;infrastructure existante (du simple au tr\u00e8s d\u00e9taill\u00e9);<\/li>\n<li>audit \u00e9nerg\u00e9tique;<\/li>\n<li>avantages et inconv\u00e9nients de la r\u00e9novation ou d\u2019une nouvelle construction \u00e0 court et moyen terme;<\/li>\n<li>\u00e9tudes de site &#8211; d&rsquo;implantation;<\/li>\n<li>avantages et inconv\u00e9nients de diff\u00e9rentes formes d\u2019appel d\u2019offres: D &#8211; DB &#8211; DB (F) M &#8211; DB (F) MO;<\/li>\n<li>conseil sur le programme (quel type de piscine\/infrastructure sportive et pourquoi);<\/li>\n<li>croquis et calculs comme premi\u00e8re \u00e9tape;<\/li>\n<li>conseils sur les Sch\u00e9mas de Structure Communal, les opportunit\u00e9s de d\u00e9veloppement de projets;<\/li>\n<li>audits op\u00e9rationnels (simples ou d\u00e9taill\u00e9s);<\/li>\n<li>\u00e9laboration d\u2019un masterplan;<\/li>\n<li>etc.<\/li>\n<\/ul>\n<p>Nous nous faisons un plaisir de r\u00e9aliser une offre sur mesure.<\/p>\n<p><img decoding=\"async\" class=\"alignnone size-full wp-image-296\" src=\"http:\/\/artabel.com\/wp-content\/uploads\/2015\/01\/haalbaarheid.jpg\" alt=\"Artabel Haalbaarheidsstudie\" width=\"100%\" \/><\/p>\n","protected":false},"excerpt":{"rendered":"<p>Le sport occupe une place de plus en plus primordiale dans notre soci\u00e9t\u00e9. L&rsquo;infrastructure sportive de la plupart des communes est souvent co\u00fbteuse et d\u00e9pass\u00e9e. Une r\u00e9novation ou une nouvelle construction s\u2019impose. \u00ab\u00a0Une ville ou une municipalit\u00e9 ne construit pas chaque ann\u00e9e, ni chaque l\u00e9gislature, pas m\u00eame tous les 10 ou 20 ans, une piscine[&hellip;]","protected":false},"author":1,"featured_media":0,"parent":0,"menu_order":0,"comment_status":"open","ping_status":"open","template":"","meta":{"footnotes":""},"class_list":["post-414","page","type-page","status-publish","hentry"],"_links":{"self":[{"href":"https:\/\/artabel.com\/fr\/wp-json\/wp\/v2\/pages\/414","targetHints":{"allow":["GET"]}}],"collection":[{"href":"https:\/\/artabel.com\/fr\/wp-json\/wp\/v2\/pages"}],"about":[{"href":"https:\/\/artabel.com\/fr\/wp-json\/wp\/v2\/types\/page"}],"author":[{"embeddable":true,"href":"https:\/\/artabel.com\/fr\/wp-json\/wp\/v2\/users\/1"}],"replies":[{"embeddable":true,"href":"https:\/\/artabel.com\/fr\/wp-json\/wp\/v2\/comments?post=414"}],"version-history":[{"count":2,"href":"https:\/\/artabel.com\/fr\/wp-json\/wp\/v2\/pages\/414\/revisions"}],"predecessor-version":[{"id":416,"href":"https:\/\/artabel.com\/fr\/wp-json\/wp\/v2\/pages\/414\/revisions\/416"}],"wp:attachment":[{"href":"https:\/\/artabel.com\/fr\/wp-json\/wp\/v2\/media?parent=414"}],"curies":[{"name":"wp","href":"https:\/\/api.w.org\/{rel}","templated":true}]}}