{"id":412,"date":"2016-10-04T12:44:31","date_gmt":"2016-10-04T11:44:31","guid":{"rendered":"http:\/\/artabel.com\/fr\/?page_id=412"},"modified":"2021-07-16T16:55:37","modified_gmt":"2021-07-16T15:55:37","slug":"techniques","status":"publish","type":"page","link":"https:\/\/artabel.com\/fr\/techniques\/","title":{"rendered":"Techniques"},"content":{"rendered":"\n<div class=\"wp-block-image\"><figure class=\"alignright\"><img loading=\"lazy\" decoding=\"async\" width=\"300\" height=\"200\" src=\"http:\/\/artabel.com\/wp-content\/uploads\/2014\/08\/technieken-1-300x200.jpg\" alt=\"technieken 1\" class=\"wp-image-287\" srcset=\"https:\/\/artabel.com\/wp-content\/uploads\/2014\/08\/technieken-1-300x200.jpg 300w, https:\/\/artabel.com\/wp-content\/uploads\/2014\/08\/technieken-1.jpg 800w\" sizes=\"auto, (max-width: 300px) 100vw, 300px\" \/><\/figure><\/div>\n\n\n\n<p>Pour une piscine publique, il est absolument prioritaire d\u2019effectuer la conception architecturale et technique simultan\u00e9ment et de fa\u00e7on coordonn\u00e9e. M\u00eame dans une piscine con\u00e7ue durablement, il reste une question \u00e9nerg\u00e9tique essentielle. Le choix et la conception de l\u2019installation technique peuvent r\u00e9duire significativement <strong>la consommation d\u2019\u00e9nergie et les factures mensuelles pour la commune.<\/strong><\/p>\n\n\n\n<h3 class=\"wp-block-heading\">Durabilit\u00e9: un mot tendance?<\/h3>\n\n\n\n<p>Une conception durable utilise les sources d\u2019\u00e9nergie disponibles de la mani\u00e8re la plus responsable possible. Artabel \u00e9value la compatibilit\u00e9 de la conception au regard des principes de la <span style=\"text-decoration: underline;\">Trias Energetica:<\/span><\/p>\n\n\n\n<ol class=\"wp-block-list\"><li>commencer par une construction qui soit la plus rationnelle possible au niveau thermique (compacte, super-isol\u00e9e, \u00e9tanche \u00e0 l&rsquo;air et des vitrages adapt\u00e9s aux gains (apports solaires) et l&rsquo;\u00e9quiper avec des installations \u00e0 consommation minimale (r\u00e9glage selon l\u2019occupation r\u00e9elle, contr\u00f4le de la lumi\u00e8re du jour, douches avec \u00e9conomiseur d\u2019eau, &#8230;);<\/li><li>r\u00e9cup\u00e9rer sur toutes les eaux sortantes et les flux de chaleur \u00e0 travers le recyclage et la r\u00e9cup\u00e9ration de chaleur (\u00e9changeurs de chaleur \/ pompes \u00e0 chaleur);<\/li><li>se tourner vers des sources d&rsquo;\u00e9nergie alternatives telles que le soleil, la pluie et le vent afin de r\u00e9duire au minimum l&rsquo;utilisation d\u2019eau courante\/de combustibles fossiles.<\/li><\/ol>\n\n\n\n<div class=\"wp-block-image\"><figure class=\"alignleft\"><a href=\"http:\/\/artabel.com\/wp-content\/uploads\/2014\/08\/technieken-3-Large.jpg\"><img loading=\"lazy\" decoding=\"async\" width=\"300\" height=\"200\" src=\"http:\/\/artabel.com\/wp-content\/uploads\/2014\/08\/technieken-3-Large-300x200.jpg\" alt=\"technieken 3 (Large)\" class=\"wp-image-293\" srcset=\"https:\/\/artabel.com\/wp-content\/uploads\/2014\/08\/technieken-3-Large-300x200.jpg 300w, https:\/\/artabel.com\/wp-content\/uploads\/2014\/08\/technieken-3-Large-1024x683.jpg 1024w, https:\/\/artabel.com\/wp-content\/uploads\/2014\/08\/technieken-3-Large-1200x800.jpg 1200w, https:\/\/artabel.com\/wp-content\/uploads\/2014\/08\/technieken-3-Large.jpg 1620w\" sizes=\"auto, (max-width: 300px) 100vw, 300px\" \/><\/a><\/figure><\/div>\n\n\n\n<p>Chaque projet est sur mesure du client. Nous aspirons au maximum une solution sans fossiles pour nos projets. ARTABEL utilise des mat\u00e9riaux respectueux de l&rsquo;environnement et r\u00e9duit au minimum l&rsquo;utilisation de produits chimiques tels que le chlore. Gr\u00e2ce \u00e0 ces applications, combin\u00e9es \u00e0 l&rsquo;exp\u00e9rience d\u2019exploitation de notre soci\u00e9t\u00e9 s\u0153ur Innopa, nous avons acquis des comp\u00e9tences incomparables dans la construction de piscines.<\/p>\n\n\n\n<p>ARTABEL soutient \u00e9galement d\u2019autres bureaux d\u2019architecture et limite son r\u00f4le \u00e0 la conception des installations techniques, \u00e9ventuellement compl\u00e9t\u00e9 par un conseil architectural.<\/p>\n\n\n\n<h3 class=\"wp-block-heading\">R\u00e9f\u00e9rences (exclus propres projets):<\/h3>\n\n\n\n<p>2017 \u2013 Nouvelle construction de studios de cinema avec grand bassin aquatique \u00e0 Vilvoorde<br>2016 \u2013 Nouvelle construction de la piscine th\u00e9rapeutique universitaire de Pellenberg<br>2015 \u2013 Nouvelle construction de l\u2019\u00e9cole britannique de Tervuren<br>2012 \u2013 Badboot d\u2019Anvers<br>1999 \u2013 R\u00e9novation de la piscine communale de Tremelo<\/p>\n","protected":false},"excerpt":{"rendered":"<p>Pour une piscine publique, il est absolument prioritaire d\u2019effectuer la conception architecturale et technique simultan\u00e9ment et de fa\u00e7on coordonn\u00e9e. M\u00eame dans une piscine con\u00e7ue durablement, il reste une question \u00e9nerg\u00e9tique essentielle. Le choix et la conception de l\u2019installation technique peuvent r\u00e9duire significativement la consommation d\u2019\u00e9nergie et les factures mensuelles pour la commune. Durabilit\u00e9: un mot[&hellip;]","protected":false},"author":1,"featured_media":0,"parent":0,"menu_order":0,"comment_status":"open","ping_status":"open","template":"","meta":{"footnotes":""},"class_list":["post-412","page","type-page","status-publish","hentry"],"_links":{"self":[{"href":"https:\/\/artabel.com\/fr\/wp-json\/wp\/v2\/pages\/412","targetHints":{"allow":["GET"]}}],"collection":[{"href":"https:\/\/artabel.com\/fr\/wp-json\/wp\/v2\/pages"}],"about":[{"href":"https:\/\/artabel.com\/fr\/wp-json\/wp\/v2\/types\/page"}],"author":[{"embeddable":true,"href":"https:\/\/artabel.com\/fr\/wp-json\/wp\/v2\/users\/1"}],"replies":[{"embeddable":true,"href":"https:\/\/artabel.com\/fr\/wp-json\/wp\/v2\/comments?post=412"}],"version-history":[{"count":3,"href":"https:\/\/artabel.com\/fr\/wp-json\/wp\/v2\/pages\/412\/revisions"}],"predecessor-version":[{"id":814,"href":"https:\/\/artabel.com\/fr\/wp-json\/wp\/v2\/pages\/412\/revisions\/814"}],"wp:attachment":[{"href":"https:\/\/artabel.com\/fr\/wp-json\/wp\/v2\/media?parent=412"}],"curies":[{"name":"wp","href":"https:\/\/api.w.org\/{rel}","templated":true}]}}