{"id":410,"date":"2016-10-04T12:34:36","date_gmt":"2016-10-04T11:34:36","guid":{"rendered":"http:\/\/artabel.com\/?page_id=410&#038;lang=fr"},"modified":"2016-10-04T12:34:36","modified_gmt":"2016-10-04T11:34:36","slug":"vision-approche","status":"publish","type":"page","link":"https:\/\/artabel.com\/fr\/bienvenue\/vision-approche\/","title":{"rendered":"Vision &#038; approche"},"content":{"rendered":"<p><img loading=\"lazy\" decoding=\"async\" class=\"alignright wp-image-292\" src=\"http:\/\/artabel.com\/wp-content\/uploads\/2014\/08\/artabel-visie.jpg\" alt=\"Artabel Visie\" width=\"264\" height=\"375\" srcset=\"https:\/\/artabel.com\/wp-content\/uploads\/2014\/08\/artabel-visie.jpg 300w, https:\/\/artabel.com\/wp-content\/uploads\/2014\/08\/artabel-visie-211x300.jpg 211w\" sizes=\"auto, (max-width: 264px) 100vw, 264px\" \/>Contrairement \u00e0 un bureau de conception \u00ab classique \u00bb, les architectes d\u2019Artabel ont un large int\u00e9r\u00eat et une connaissance \u00e9tendue de la vie d\u2019un b\u00e2timent. Nous recevons quotidiennement le feedback des infrastructures exploit\u00e9es par notre soci\u00e9t\u00e9 s\u0153ur Innopa. C\u2019est pourquoi, nous attachons une importance particuli\u00e8re \u00e0 la viabilit\u00e9 financi\u00e8re et \u00e0 la qualit\u00e9 technique de nos conceptions. Nous \u00e9valuons les solutions \u00e0 court et long terme afin de peser leurs avantages et inconv\u00e9nients respectifs.<\/p>\n<p>Artabel con\u00e7oit des b\u00e2timents intelligents. Tout d\u2019abord, nous d\u00e9finissons, conjointement avec le client, les objectifs \u00e0 court et long terme. Nous cr\u00e9ons des b\u00e2timents \u00ab vivants \u00bb et les optimisons d\u2019apr\u00e8s le \u00ab total cost of ownership \u00bb. Nous pr\u00e9voyons donc des budgets pour entretenir le b\u00e2timent et lui permettre d\u2019\u00e9voluer en fonction de l\u2019usage qui en est fait.<\/p>\n<p>L&rsquo;architecture peut se concevoir avec un grand A, mais ne le doit pas n\u00e9cessairement. L\u2019exp\u00e9rience peut se concevoir avec un grand E, c\u2019est pourquoi nous concevons \u00e9galement l\u2019int\u00e9rieur et l\u2019environnement ext\u00e9rieur. Gr\u00e2ce \u00e0 notre conception propre, les installations techniques sont int\u00e9gr\u00e9es de fa\u00e7on optimale.<\/p>\n<p>Les \u00e9tudes architecturales et techniques sont r\u00e9alis\u00e9es enti\u00e8rement en 3D et li\u00e9es \u00e0 une base de donn\u00e9es (BIM ou Building Information Modeling).<\/p>\n","protected":false},"excerpt":{"rendered":"<p>Contrairement \u00e0 un bureau de conception \u00ab classique \u00bb, les architectes d\u2019Artabel ont un large int\u00e9r\u00eat et une connaissance \u00e9tendue de la vie d\u2019un b\u00e2timent. Nous recevons quotidiennement le feedback des infrastructures exploit\u00e9es par notre soci\u00e9t\u00e9 s\u0153ur Innopa. C\u2019est pourquoi, nous attachons une importance particuli\u00e8re \u00e0 la viabilit\u00e9 financi\u00e8re et \u00e0 la qualit\u00e9 technique de[&hellip;]","protected":false},"author":1,"featured_media":0,"parent":406,"menu_order":0,"comment_status":"open","ping_status":"open","template":"","meta":{"footnotes":""},"class_list":["post-410","page","type-page","status-publish","hentry"],"_links":{"self":[{"href":"https:\/\/artabel.com\/fr\/wp-json\/wp\/v2\/pages\/410","targetHints":{"allow":["GET"]}}],"collection":[{"href":"https:\/\/artabel.com\/fr\/wp-json\/wp\/v2\/pages"}],"about":[{"href":"https:\/\/artabel.com\/fr\/wp-json\/wp\/v2\/types\/page"}],"author":[{"embeddable":true,"href":"https:\/\/artabel.com\/fr\/wp-json\/wp\/v2\/users\/1"}],"replies":[{"embeddable":true,"href":"https:\/\/artabel.com\/fr\/wp-json\/wp\/v2\/comments?post=410"}],"version-history":[{"count":1,"href":"https:\/\/artabel.com\/fr\/wp-json\/wp\/v2\/pages\/410\/revisions"}],"predecessor-version":[{"id":411,"href":"https:\/\/artabel.com\/fr\/wp-json\/wp\/v2\/pages\/410\/revisions\/411"}],"up":[{"embeddable":true,"href":"https:\/\/artabel.com\/fr\/wp-json\/wp\/v2\/pages\/406"}],"wp:attachment":[{"href":"https:\/\/artabel.com\/fr\/wp-json\/wp\/v2\/media?parent=410"}],"curies":[{"name":"wp","href":"https:\/\/api.w.org\/{rel}","templated":true}]}}