{"id":408,"date":"2016-10-04T12:32:05","date_gmt":"2016-10-04T11:32:05","guid":{"rendered":"http:\/\/artabel.com\/?page_id=408&#038;lang=fr"},"modified":"2025-02-26T18:14:35","modified_gmt":"2025-02-26T17:14:35","slug":"presentation-bureau","status":"publish","type":"page","link":"https:\/\/artabel.com\/fr\/bienvenue\/presentation-bureau\/","title":{"rendered":"Pr\u00e9sentation bureau"},"content":{"rendered":"<div class=\"wp-block-image\">\n<figure class=\"alignright\"><img loading=\"lazy\" decoding=\"async\" width=\"225\" height=\"300\" src=\"http:\/\/artabel.com\/wp-content\/uploads\/2015\/01\/sr-artabel-225x300.jpg\" alt=\"s&amp;r artabel\" class=\"wp-image-286\" srcset=\"https:\/\/artabel.com\/wp-content\/uploads\/2015\/01\/sr-artabel-225x300.jpg 225w, https:\/\/artabel.com\/wp-content\/uploads\/2015\/01\/sr-artabel.jpg 400w\" sizes=\"auto, (max-width: 225px) 100vw, 225px\" \/><\/figure><\/div>\n<p>ARTABEL\u00a0architectes et ing\u00e9nieurs est un bureau de taille moyenne qui favorise le contact entre les membres de son personnel. En r\u00e9sulte une tr\u00e8s large connaissance g\u00e9n\u00e9rale de chaque collaborateur, qui permet une int\u00e9gration optimale des disciplines de conception. Une communication tr\u00e8s ouverte ainsi qu\u2019une gestion du personnel dynamique soutiennent le tout.<\/p>\n\n<p>Fort d\u2019une vaste exp\u00e9rience dans des projets de r\u00e9novation et de nouvelles constructions de piscines publiques, Artabel se profile principalement comme un bureau de conception pour de nouveaux b\u00e2timents publics, largement orient\u00e9 sur la pluridisciplinarit\u00e9. Artabel peut pr\u00e9senter une liste \u00e9tendue de r\u00e9f\u00e9rences, tant au niveau de la conception architecturale qu\u2019au niveau des installations techniques.<\/p>\n\n<p>Gr\u00e2ce \u00e0 cette expertise, Artabel s\u2019est orient\u00e9 depuis 2001 vers le march\u00e9 des projets de PPP (partenariat public-priv\u00e9). En tant que \u00ab architecte maison \u00bb du Groupe S&amp;R (<a href=\"http:\/\/www.sr-group.be\/\">www.sr-group.be<\/a>), Artabel a ainsi particip\u00e9 \u00e0 la conception, la r\u00e9alisation et l\u2019exploitation de piscines publiques \u00e0 Pelt, Lier, Mons, Gand, Beveren, Bruges, Westerlo, Courtrai, Zwevegem, Saint-Trond, Bredene et Zaventem. Les collaborateurs d\u2019Artabel et ceux de la soci\u00e9t\u00e9 d\u2019exploitation (Innopa) travaillent litt\u00e9ralement sous le m\u00eame toit, de sorte que le concepteur proposera toujours une proposition exploitable et que l\u2019exploiteur soumettra toujours l\u2019architecture \u00e0 un examen critique afin de trouver l\u2019\u00e9quilibre parfait entre conception et exploitation. Cette donn\u00e9e unique repr\u00e9sente une valeur inestimable dans la conception de nouvelles piscines publiques.<\/p>\n","protected":false},"excerpt":{"rendered":"<p>ARTABEL\u00a0architectes et ing\u00e9nieurs est un bureau de taille moyenne qui favorise le contact entre les membres de son personnel. En r\u00e9sulte une tr\u00e8s large connaissance g\u00e9n\u00e9rale de chaque collaborateur, qui permet une int\u00e9gration optimale des disciplines de conception. Une communication tr\u00e8s ouverte ainsi qu\u2019une gestion du personnel dynamique soutiennent le tout. Fort d\u2019une vaste exp\u00e9rience[&hellip;]","protected":false},"author":1,"featured_media":0,"parent":406,"menu_order":0,"comment_status":"open","ping_status":"open","template":"","meta":{"footnotes":""},"class_list":["post-408","page","type-page","status-publish","hentry"],"_links":{"self":[{"href":"https:\/\/artabel.com\/fr\/wp-json\/wp\/v2\/pages\/408","targetHints":{"allow":["GET"]}}],"collection":[{"href":"https:\/\/artabel.com\/fr\/wp-json\/wp\/v2\/pages"}],"about":[{"href":"https:\/\/artabel.com\/fr\/wp-json\/wp\/v2\/types\/page"}],"author":[{"embeddable":true,"href":"https:\/\/artabel.com\/fr\/wp-json\/wp\/v2\/users\/1"}],"replies":[{"embeddable":true,"href":"https:\/\/artabel.com\/fr\/wp-json\/wp\/v2\/comments?post=408"}],"version-history":[{"count":6,"href":"https:\/\/artabel.com\/fr\/wp-json\/wp\/v2\/pages\/408\/revisions"}],"predecessor-version":[{"id":1102,"href":"https:\/\/artabel.com\/fr\/wp-json\/wp\/v2\/pages\/408\/revisions\/1102"}],"up":[{"embeddable":true,"href":"https:\/\/artabel.com\/fr\/wp-json\/wp\/v2\/pages\/406"}],"wp:attachment":[{"href":"https:\/\/artabel.com\/fr\/wp-json\/wp\/v2\/media?parent=408"}],"curies":[{"name":"wp","href":"https:\/\/api.w.org\/{rel}","templated":true}]}}